{"id":29603,"date":"2019-10-14T19:10:17","date_gmt":"2019-10-14T18:10:17","guid":{"rendered":"https:\/\/trevorjonesltd.co.uk\/testshop\/product\/import-placeholder-for-1704\/"},"modified":"2026-01-29T14:01:39","modified_gmt":"2026-01-29T14:01:39","slug":"ortola-trombone-case-black","status":"publish","type":"product","link":"https:\/\/trevorjonesltd.co.uk\/shop\/product\/ortola-trombone-case-black\/","title":{"rendered":"Ortola trombone case black"},"content":{"rendered":"<h2>Ortola trombone case black<\/h2>\n<div id=\"manufacturer-short_description\">\n<p>Ortol\u00e1 is the largest Spanish manufacturer of cases and accessories for musical instruments. A company that since 1955 continues to manufacture most of its products in Spain with passion and dedication.<\/p>\n<\/div>\n<div id=\"manufacturer-description\">\n<p>Ortol\u00e1 was born in 1955 thanks to the passion for music of its founder, Mr. Jose Ortol\u00e1 Montaner, a musician from a local orchestra who turned his great passion into a profession. As a result of the need to protect his instruments in the countless trips and performances he made, he created a small workshop dedicated to the manufacture of instrument cases, together with his wife, Do\u00f1a Amelia Moscard\u00f3 Montoro.<\/p>\n<p>After the death of Mr. Jos\u00e9 Ortol\u00e1, the company was renamed Ortol\u00e1 SA, a family company with the spirit of a public limited company, led by his son, Mr. Jos\u00e9 Vicente Ortol\u00e1 Moscard\u00f3, who kept his father&#8217;s legacy alive since the first day with the improvement in the protection and transport of musical instruments.<\/p>\n<p>The company is located in the Valencian municipality of La Pobla del Duc, it has facilities of 6,500 m\u00b2 and the most advanced machinery and technology. Top quality materials are used in the manufacturing process. The research department does not cease in its efforts to improve every day. Finally, quality controls allow products to be sold in perfect condition.<\/p>\n<\/div>\n","protected":false},"excerpt":{"rendered":"<p>Ortol\u00e1 is the largest Spanish manufacturer of cases and accessories for musical instruments. A company that since 1955 continues to manufacture most of its products in Spain with passion and dedication.<\/p>\n","protected":false},"featured_media":29607,"comment_status":"open","ping_status":"closed","template":"","meta":[],"product_brand":[],"product_cat":[1111],"product_tag":[473,1109],"class_list":{"0":"post-29603","1":"product","2":"type-product","3":"status-publish","4":"has-post-thumbnail","6":"product_cat-trombone-cases","7":"product_tag-case","8":"product_tag-trombone","9":"product_shipping_class-small-item","11":"first","12":"instock","13":"taxable","14":"shipping-taxable","15":"purchasable","16":"product-type-simple"},"yoast_head":"<!-- This site is optimized with the Yoast SEO Premium plugin v27.3 (Yoast SEO v27.3) - https:\/\/yoast.com\/product\/yoast-seo-premium-wordpress\/ -->\n<title>Ortola trombone case black<\/title>\n<meta name=\"description\" content=\"Ortola trombone case black nylon For tenor or possibly bass trombone. Ortol\u00e1 is the largest Spanish manufacturer of cases for musical instruments.\" \/>\n<meta name=\"robots\" content=\"index, follow, max-snippet:-1, max-image-preview:large, max-video-preview:-1\" \/>\n<link rel=\"canonical\" href=\"https:\/\/trevorjonesltd.co.uk\/shop\/product\/ortola-trombone-case-black\/\" \/>\n<meta property=\"og:locale\" content=\"en_GB\" \/>\n<meta property=\"og:type\" content=\"article\" \/>\n<meta property=\"og:title\" content=\"Ortola trombone case black\" \/>\n<meta property=\"og:description\" content=\"Ortola trombone case black nylon For tenor or possibly bass trombone. Ortol\u00e1 is the largest Spanish manufacturer of cases for musical instruments.\" \/>\n<meta property=\"og:url\" content=\"https:\/\/trevorjonesltd.co.uk\/shop\/product\/ortola-trombone-case-black\/\" \/>\n<meta property=\"og:site_name\" content=\"Trevor Jones Brass &amp; Woodwind\" \/>\n<meta property=\"article:modified_time\" content=\"2026-01-29T14:01:39+00:00\" \/>\n<meta property=\"og:image\" content=\"https:\/\/trevorjonesltd.co.uk\/shop\/wp-content\/uploads\/2019\/10\/Ortola-Trombone-Case-Black.jpg\" \/>\n\t<meta property=\"og:image:width\" content=\"1250\" \/>\n\t<meta property=\"og:image:height\" content=\"1250\" \/>\n\t<meta property=\"og:image:type\" content=\"image\/jpeg\" \/>\n<meta name=\"twitter:card\" content=\"summary_large_image\" \/>\n<meta name=\"twitter:label1\" content=\"Price\" \/>\n\t<meta name=\"twitter:data1\" content=\"&pound;120.83\" \/>\n\t<meta name=\"twitter:label2\" content=\"Availability\" \/>\n\t<meta name=\"twitter:data2\" content=\"In stock\" \/>\n<script type=\"application\/ld+json\" class=\"yoast-schema-graph\">{\"@context\":\"https:\\\/\\\/schema.org\",\"@graph\":[{\"@type\":[\"WebPage\",\"ItemPage\"],\"@id\":\"https:\\\/\\\/trevorjonesltd.co.uk\\\/shop\\\/product\\\/ortola-trombone-case-black\\\/\",\"url\":\"https:\\\/\\\/trevorjonesltd.co.uk\\\/shop\\\/product\\\/ortola-trombone-case-black\\\/\",\"name\":\"Ortola trombone case black\",\"isPartOf\":{\"@id\":\"https:\\\/\\\/trevorjonesltd.co.uk\\\/shop\\\/#website\"},\"primaryImageOfPage\":{\"@id\":\"https:\\\/\\\/trevorjonesltd.co.uk\\\/shop\\\/product\\\/ortola-trombone-case-black\\\/#primaryimage\"},\"image\":{\"@id\":\"https:\\\/\\\/trevorjonesltd.co.uk\\\/shop\\\/product\\\/ortola-trombone-case-black\\\/#primaryimage\"},\"thumbnailUrl\":\"https:\\\/\\\/trevorjonesltd.co.uk\\\/shop\\\/wp-content\\\/uploads\\\/2019\\\/10\\\/Ortola-Trombone-Case-Black.jpg\",\"datePublished\":\"2019-10-14T18:10:17+00:00\",\"dateModified\":\"2026-01-29T14:01:39+00:00\",\"description\":\"Ortola trombone case black nylon For tenor or possibly bass trombone. Ortol\u00e1 is the largest Spanish manufacturer of cases for musical instruments.\",\"breadcrumb\":{\"@id\":\"https:\\\/\\\/trevorjonesltd.co.uk\\\/shop\\\/product\\\/ortola-trombone-case-black\\\/#breadcrumb\"},\"inLanguage\":\"en-GB\",\"potentialAction\":[{\"@type\":\"ReadAction\",\"target\":[\"https:\\\/\\\/trevorjonesltd.co.uk\\\/shop\\\/product\\\/ortola-trombone-case-black\\\/\"]}]},{\"@type\":\"ImageObject\",\"inLanguage\":\"en-GB\",\"@id\":\"https:\\\/\\\/trevorjonesltd.co.uk\\\/shop\\\/product\\\/ortola-trombone-case-black\\\/#primaryimage\",\"url\":\"https:\\\/\\\/trevorjonesltd.co.uk\\\/shop\\\/wp-content\\\/uploads\\\/2019\\\/10\\\/Ortola-Trombone-Case-Black.jpg\",\"contentUrl\":\"https:\\\/\\\/trevorjonesltd.co.uk\\\/shop\\\/wp-content\\\/uploads\\\/2019\\\/10\\\/Ortola-Trombone-Case-Black.jpg\",\"width\":1250,\"height\":1250,\"caption\":\"Ortola Trombone Case Black\"},{\"@type\":\"BreadcrumbList\",\"@id\":\"https:\\\/\\\/trevorjonesltd.co.uk\\\/shop\\\/product\\\/ortola-trombone-case-black\\\/#breadcrumb\",\"itemListElement\":[{\"@type\":\"ListItem\",\"position\":1,\"name\":\"Home\",\"item\":\"https:\\\/\\\/trevorjonesltd.co.uk\\\/shop\\\/\"},{\"@type\":\"ListItem\",\"position\":2,\"name\":\"Trevor Jones Brass &amp; Woodwind\",\"item\":\"https:\\\/\\\/trevorjonesltd.co.uk\\\/shop\\\/shop-2-2\\\/\"},{\"@type\":\"ListItem\",\"position\":3,\"name\":\"Brass Accessories\",\"item\":\"https:\\\/\\\/trevorjonesltd.co.uk\\\/shop\\\/product-category\\\/brass-accessories\\\/\"},{\"@type\":\"ListItem\",\"position\":4,\"name\":\"Trombone accessories\",\"item\":\"https:\\\/\\\/trevorjonesltd.co.uk\\\/shop\\\/product-category\\\/brass-accessories\\\/trombone-accessories\\\/\"},{\"@type\":\"ListItem\",\"position\":5,\"name\":\"Trombone cases\",\"item\":\"https:\\\/\\\/trevorjonesltd.co.uk\\\/shop\\\/product-category\\\/brass-accessories\\\/trombone-accessories\\\/trombone-cases\\\/\"},{\"@type\":\"ListItem\",\"position\":6,\"name\":\"Ortola trombone case black\"}]},{\"@type\":\"WebSite\",\"@id\":\"https:\\\/\\\/trevorjonesltd.co.uk\\\/shop\\\/#website\",\"url\":\"https:\\\/\\\/trevorjonesltd.co.uk\\\/shop\\\/\",\"name\":\"Trevor Jones Brass &amp; Woodwind\",\"description\":\"\",\"publisher\":{\"@id\":\"https:\\\/\\\/trevorjonesltd.co.uk\\\/shop\\\/#organization\"},\"potentialAction\":[{\"@type\":\"SearchAction\",\"target\":{\"@type\":\"EntryPoint\",\"urlTemplate\":\"https:\\\/\\\/trevorjonesltd.co.uk\\\/shop\\\/?s={search_term_string}\"},\"query-input\":{\"@type\":\"PropertyValueSpecification\",\"valueRequired\":true,\"valueName\":\"search_term_string\"}}],\"inLanguage\":\"en-GB\"},{\"@type\":\"Organization\",\"@id\":\"https:\\\/\\\/trevorjonesltd.co.uk\\\/shop\\\/#organization\",\"name\":\"TREVOR JONES BRASS & WOODWIND LTD\",\"url\":\"https:\\\/\\\/trevorjonesltd.co.uk\\\/shop\\\/\",\"logo\":{\"@type\":\"ImageObject\",\"inLanguage\":\"en-GB\",\"@id\":\"https:\\\/\\\/trevorjonesltd.co.uk\\\/shop\\\/#\\\/schema\\\/logo\\\/image\\\/\",\"url\":\"https:\\\/\\\/i1.wp.com\\\/trevorjonesltd.co.uk\\\/shop\\\/wp-content\\\/uploads\\\/2019\\\/10\\\/logo31.jpg?fit=160%2C75&ssl=1\",\"contentUrl\":\"https:\\\/\\\/i1.wp.com\\\/trevorjonesltd.co.uk\\\/shop\\\/wp-content\\\/uploads\\\/2019\\\/10\\\/logo31.jpg?fit=160%2C75&ssl=1\",\"width\":160,\"height\":75,\"caption\":\"TREVOR JONES BRASS & WOODWIND LTD\"},\"image\":{\"@id\":\"https:\\\/\\\/trevorjonesltd.co.uk\\\/shop\\\/#\\\/schema\\\/logo\\\/image\\\/\"}}]}<\/script>\n<meta property=\"product:brand\" content=\"Ortola\" \/>\n<meta property=\"product:price:amount\" content=\"120.83\" \/>\n<meta property=\"product:price:currency\" content=\"GBP\" \/>\n<meta property=\"og:availability\" content=\"instock\" \/>\n<meta property=\"product:availability\" content=\"instock\" \/>\n<meta property=\"product:retailer_item_id\" content=\"TJ_681829\" \/>\n<meta property=\"product:condition\" content=\"new\" \/>\n<!-- \/ Yoast SEO Premium plugin. -->","yoast_head_json":{"title":"Ortola trombone case black","description":"Ortola trombone case black nylon For tenor or possibly bass trombone. Ortol\u00e1 is the largest Spanish manufacturer of cases for musical instruments.","robots":{"index":"index","follow":"follow","max-snippet":"max-snippet:-1","max-image-preview":"max-image-preview:large","max-video-preview":"max-video-preview:-1"},"canonical":"https:\/\/trevorjonesltd.co.uk\/shop\/product\/ortola-trombone-case-black\/","og_locale":"en_GB","og_type":"article","og_title":"Ortola trombone case black","og_description":"Ortola trombone case black nylon For tenor or possibly bass trombone. Ortol\u00e1 is the largest Spanish manufacturer of cases for musical instruments.","og_url":"https:\/\/trevorjonesltd.co.uk\/shop\/product\/ortola-trombone-case-black\/","og_site_name":"Trevor Jones Brass &amp; Woodwind","article_modified_time":"2026-01-29T14:01:39+00:00","og_image":[{"width":1250,"height":1250,"url":"https:\/\/trevorjonesltd.co.uk\/shop\/wp-content\/uploads\/2019\/10\/Ortola-Trombone-Case-Black.jpg","type":"image\/jpeg"}],"twitter_card":"summary_large_image","twitter_misc":{"Price":"&pound;120.83","Availability":"In stock"},"schema":{"@context":"https:\/\/schema.org","@graph":[{"@type":["WebPage","ItemPage"],"@id":"https:\/\/trevorjonesltd.co.uk\/shop\/product\/ortola-trombone-case-black\/","url":"https:\/\/trevorjonesltd.co.uk\/shop\/product\/ortola-trombone-case-black\/","name":"Ortola trombone case black","isPartOf":{"@id":"https:\/\/trevorjonesltd.co.uk\/shop\/#website"},"primaryImageOfPage":{"@id":"https:\/\/trevorjonesltd.co.uk\/shop\/product\/ortola-trombone-case-black\/#primaryimage"},"image":{"@id":"https:\/\/trevorjonesltd.co.uk\/shop\/product\/ortola-trombone-case-black\/#primaryimage"},"thumbnailUrl":"https:\/\/trevorjonesltd.co.uk\/shop\/wp-content\/uploads\/2019\/10\/Ortola-Trombone-Case-Black.jpg","datePublished":"2019-10-14T18:10:17+00:00","dateModified":"2026-01-29T14:01:39+00:00","description":"Ortola trombone case black nylon For tenor or possibly bass trombone. Ortol\u00e1 is the largest Spanish manufacturer of cases for musical instruments.","breadcrumb":{"@id":"https:\/\/trevorjonesltd.co.uk\/shop\/product\/ortola-trombone-case-black\/#breadcrumb"},"inLanguage":"en-GB","potentialAction":[{"@type":"ReadAction","target":["https:\/\/trevorjonesltd.co.uk\/shop\/product\/ortola-trombone-case-black\/"]}]},{"@type":"ImageObject","inLanguage":"en-GB","@id":"https:\/\/trevorjonesltd.co.uk\/shop\/product\/ortola-trombone-case-black\/#primaryimage","url":"https:\/\/trevorjonesltd.co.uk\/shop\/wp-content\/uploads\/2019\/10\/Ortola-Trombone-Case-Black.jpg","contentUrl":"https:\/\/trevorjonesltd.co.uk\/shop\/wp-content\/uploads\/2019\/10\/Ortola-Trombone-Case-Black.jpg","width":1250,"height":1250,"caption":"Ortola Trombone Case Black"},{"@type":"BreadcrumbList","@id":"https:\/\/trevorjonesltd.co.uk\/shop\/product\/ortola-trombone-case-black\/#breadcrumb","itemListElement":[{"@type":"ListItem","position":1,"name":"Home","item":"https:\/\/trevorjonesltd.co.uk\/shop\/"},{"@type":"ListItem","position":2,"name":"Trevor Jones Brass &amp; Woodwind","item":"https:\/\/trevorjonesltd.co.uk\/shop\/shop-2-2\/"},{"@type":"ListItem","position":3,"name":"Brass Accessories","item":"https:\/\/trevorjonesltd.co.uk\/shop\/product-category\/brass-accessories\/"},{"@type":"ListItem","position":4,"name":"Trombone accessories","item":"https:\/\/trevorjonesltd.co.uk\/shop\/product-category\/brass-accessories\/trombone-accessories\/"},{"@type":"ListItem","position":5,"name":"Trombone cases","item":"https:\/\/trevorjonesltd.co.uk\/shop\/product-category\/brass-accessories\/trombone-accessories\/trombone-cases\/"},{"@type":"ListItem","position":6,"name":"Ortola trombone case black"}]},{"@type":"WebSite","@id":"https:\/\/trevorjonesltd.co.uk\/shop\/#website","url":"https:\/\/trevorjonesltd.co.uk\/shop\/","name":"Trevor Jones Brass &amp; Woodwind","description":"","publisher":{"@id":"https:\/\/trevorjonesltd.co.uk\/shop\/#organization"},"potentialAction":[{"@type":"SearchAction","target":{"@type":"EntryPoint","urlTemplate":"https:\/\/trevorjonesltd.co.uk\/shop\/?s={search_term_string}"},"query-input":{"@type":"PropertyValueSpecification","valueRequired":true,"valueName":"search_term_string"}}],"inLanguage":"en-GB"},{"@type":"Organization","@id":"https:\/\/trevorjonesltd.co.uk\/shop\/#organization","name":"TREVOR JONES BRASS & WOODWIND LTD","url":"https:\/\/trevorjonesltd.co.uk\/shop\/","logo":{"@type":"ImageObject","inLanguage":"en-GB","@id":"https:\/\/trevorjonesltd.co.uk\/shop\/#\/schema\/logo\/image\/","url":"https:\/\/i1.wp.com\/trevorjonesltd.co.uk\/shop\/wp-content\/uploads\/2019\/10\/logo31.jpg?fit=160%2C75&ssl=1","contentUrl":"https:\/\/i1.wp.com\/trevorjonesltd.co.uk\/shop\/wp-content\/uploads\/2019\/10\/logo31.jpg?fit=160%2C75&ssl=1","width":160,"height":75,"caption":"TREVOR JONES BRASS & WOODWIND LTD"},"image":{"@id":"https:\/\/trevorjonesltd.co.uk\/shop\/#\/schema\/logo\/image\/"}}]},"product_brand":"Ortola","product_price_amount":"120.83","product_price_currency":"GBP","og_availability":"instock","product_availability":"instock","product_retailer_item_id":"TJ_681829","product_condition":"new"},"jetpack_sharing_enabled":true,"_links":{"self":[{"href":"https:\/\/trevorjonesltd.co.uk\/shop\/wp-json\/wp\/v2\/product\/29603","targetHints":{"allow":["GET"]}}],"collection":[{"href":"https:\/\/trevorjonesltd.co.uk\/shop\/wp-json\/wp\/v2\/product"}],"about":[{"href":"https:\/\/trevorjonesltd.co.uk\/shop\/wp-json\/wp\/v2\/types\/product"}],"replies":[{"embeddable":true,"href":"https:\/\/trevorjonesltd.co.uk\/shop\/wp-json\/wp\/v2\/comments?post=29603"}],"wp:featuredmedia":[{"embeddable":true,"href":"https:\/\/trevorjonesltd.co.uk\/shop\/wp-json\/wp\/v2\/media\/29607"}],"wp:attachment":[{"href":"https:\/\/trevorjonesltd.co.uk\/shop\/wp-json\/wp\/v2\/media?parent=29603"}],"wp:term":[{"taxonomy":"product_brand","embeddable":true,"href":"https:\/\/trevorjonesltd.co.uk\/shop\/wp-json\/wp\/v2\/product_brand?post=29603"},{"taxonomy":"product_cat","embeddable":true,"href":"https:\/\/trevorjonesltd.co.uk\/shop\/wp-json\/wp\/v2\/product_cat?post=29603"},{"taxonomy":"product_tag","embeddable":true,"href":"https:\/\/trevorjonesltd.co.uk\/shop\/wp-json\/wp\/v2\/product_tag?post=29603"}],"curies":[{"name":"wp","href":"https:\/\/api.w.org\/{rel}","templated":true}]}}