{"id":33305,"date":"2019-10-14T19:57:26","date_gmt":"2019-10-14T18:57:26","guid":{"rendered":"https:\/\/trevorjonesltd.co.uk\/testshop\/product\/import-placeholder-for-13328\/"},"modified":"2025-10-29T09:23:38","modified_gmt":"2025-10-29T09:23:38","slug":"legere-oboe-reed-european-scrape","status":"publish","type":"product","link":"https:\/\/trevorjonesltd.co.uk\/shop\/product\/legere-oboe-reed-european-scrape\/","title":{"rendered":"L\u00e9g\u00e8re oboe reed european scrape"},"content":{"rendered":"<h4>L\u00e9g\u00e8re oboe reed european scrape<\/h4>\n<p>One of the best features of the L\u00e9g\u00e8re synthetic reed, is that it is not subject to weather or humidity changes and therefore does not require pre-moistening. The reed will warm up within the first few days of playing and will then be stable for an extended period of time. Although L\u00e9g\u00e8re reeds are made out of a synthetic material and can withstand longer periods than a typical cane reed, the tip edges are very fragile and require careful handling. Do not try to manipulate the aperture by squeezing the tube as this can result in breaking or splitting the reed. Be sure to clean the reed periodically with water and a mild detergent. Germicides such as sterisol may be used, however do not assume that such products will sterilize the reed completely. We strongly advise that any reed which has been played or tested by others previously, be sanitized prior to playing, With proper care and maintenance of your l\u00e9g\u00e8re reed, you will be able to experience many hours of playing pleasure right out of the box. Many players have even reported that our reeds can last for months! Thank you for choosing L\u00e9g\u00e8re Reeds. Enjoy!<\/p>\n","protected":false},"excerpt":{"rendered":"<p>One of the best features of the L\u00e9g\u00e8re synthetic reed, is that it is not subject to weather or humidity changes and therefore does not require pre-moi&#8230;<\/p>\n","protected":false},"featured_media":36653,"comment_status":"open","ping_status":"closed","template":"","meta":[],"product_brand":[],"product_cat":[1515,1520],"product_tag":[],"class_list":{"0":"post-33305","1":"product","2":"type-product","3":"status-publish","4":"has-post-thumbnail","6":"product_cat-oboe-accessories","7":"product_cat-oboe-reeds","8":"product_shipping_class-small-item","10":"first","11":"instock","12":"taxable","13":"shipping-taxable","14":"purchasable","15":"product-type-simple"},"yoast_head":"<!-- This site is optimized with the Yoast SEO Premium plugin v27.4 (Yoast SEO v27.4) - https:\/\/yoast.com\/product\/yoast-seo-premium-wordpress\/ -->\n<title>L\u00e9g\u00e8re oboe reed european scrape synthetic reed plastic<\/title>\n<meta name=\"description\" content=\"One of the best features of the L\u00e9g\u00e8re synthetic reed, is that it is not subject to weather or humidity changes and so does not require pre-moistening\" \/>\n<meta name=\"robots\" content=\"index, follow, max-snippet:-1, max-image-preview:large, max-video-preview:-1\" \/>\n<link rel=\"canonical\" href=\"https:\/\/trevorjonesltd.co.uk\/shop\/product\/legere-oboe-reed-european-scrape\/\" \/>\n<meta property=\"og:locale\" content=\"en_GB\" \/>\n<meta property=\"og:type\" content=\"article\" \/>\n<meta property=\"og:title\" content=\"L\u00e9g\u00e8re oboe reed european scrape\" \/>\n<meta property=\"og:description\" content=\"One of the best features of the L\u00e9g\u00e8re synthetic reed, is that it is not subject to weather or humidity changes and so does not require pre-moistening\" \/>\n<meta property=\"og:url\" content=\"https:\/\/trevorjonesltd.co.uk\/shop\/product\/legere-oboe-reed-european-scrape\/\" \/>\n<meta property=\"og:site_name\" content=\"Trevor Jones Brass &amp; Woodwind\" \/>\n<meta property=\"article:modified_time\" content=\"2025-10-29T09:23:38+00:00\" \/>\n<meta property=\"og:image\" content=\"https:\/\/i0.wp.com\/trevorjonesltd.co.uk\/shop\/wp-content\/uploads\/2019\/10\/L\u00e9g\u00e8re-oboe-reed-.jpg?fit=707%2C707&ssl=1\" \/>\n\t<meta property=\"og:image:width\" content=\"707\" \/>\n\t<meta property=\"og:image:height\" content=\"707\" \/>\n\t<meta property=\"og:image:type\" content=\"image\/jpeg\" \/>\n<meta name=\"twitter:card\" content=\"summary_large_image\" \/>\n<meta name=\"twitter:label1\" content=\"Price\" \/>\n\t<meta name=\"twitter:data1\" content=\"&pound;100.00\" \/>\n\t<meta name=\"twitter:label2\" content=\"Availability\" \/>\n\t<meta name=\"twitter:data2\" content=\"In stock\" \/>\n<script type=\"application\/ld+json\" class=\"yoast-schema-graph\">{\"@context\":\"https:\\\/\\\/schema.org\",\"@graph\":[{\"@type\":[\"WebPage\",\"ItemPage\"],\"@id\":\"https:\\\/\\\/trevorjonesltd.co.uk\\\/shop\\\/product\\\/legere-oboe-reed-european-scrape\\\/\",\"url\":\"https:\\\/\\\/trevorjonesltd.co.uk\\\/shop\\\/product\\\/legere-oboe-reed-european-scrape\\\/\",\"name\":\"L\u00e9g\u00e8re oboe reed european scrape synthetic reed plastic\",\"isPartOf\":{\"@id\":\"https:\\\/\\\/trevorjonesltd.co.uk\\\/shop\\\/#website\"},\"primaryImageOfPage\":{\"@id\":\"https:\\\/\\\/trevorjonesltd.co.uk\\\/shop\\\/product\\\/legere-oboe-reed-european-scrape\\\/#primaryimage\"},\"image\":{\"@id\":\"https:\\\/\\\/trevorjonesltd.co.uk\\\/shop\\\/product\\\/legere-oboe-reed-european-scrape\\\/#primaryimage\"},\"thumbnailUrl\":\"https:\\\/\\\/trevorjonesltd.co.uk\\\/shop\\\/wp-content\\\/uploads\\\/2019\\\/10\\\/L\u00e9g\u00e8re-oboe-reed-.jpg\",\"datePublished\":\"2019-10-14T18:57:26+00:00\",\"dateModified\":\"2025-10-29T09:23:38+00:00\",\"description\":\"One of the best features of the L\u00e9g\u00e8re synthetic reed, is that it is not subject to weather or humidity changes and so does not require pre-moistening\",\"breadcrumb\":{\"@id\":\"https:\\\/\\\/trevorjonesltd.co.uk\\\/shop\\\/product\\\/legere-oboe-reed-european-scrape\\\/#breadcrumb\"},\"inLanguage\":\"en-GB\",\"potentialAction\":[{\"@type\":\"ReadAction\",\"target\":[\"https:\\\/\\\/trevorjonesltd.co.uk\\\/shop\\\/product\\\/legere-oboe-reed-european-scrape\\\/\"]}]},{\"@type\":\"ImageObject\",\"inLanguage\":\"en-GB\",\"@id\":\"https:\\\/\\\/trevorjonesltd.co.uk\\\/shop\\\/product\\\/legere-oboe-reed-european-scrape\\\/#primaryimage\",\"url\":\"https:\\\/\\\/trevorjonesltd.co.uk\\\/shop\\\/wp-content\\\/uploads\\\/2019\\\/10\\\/L\u00e9g\u00e8re-oboe-reed-.jpg\",\"contentUrl\":\"https:\\\/\\\/trevorjonesltd.co.uk\\\/shop\\\/wp-content\\\/uploads\\\/2019\\\/10\\\/L\u00e9g\u00e8re-oboe-reed-.jpg\",\"width\":707,\"height\":707,\"caption\":\"L\u00e9g\u00e8re oboe reed european scrape\"},{\"@type\":\"BreadcrumbList\",\"@id\":\"https:\\\/\\\/trevorjonesltd.co.uk\\\/shop\\\/product\\\/legere-oboe-reed-european-scrape\\\/#breadcrumb\",\"itemListElement\":[{\"@type\":\"ListItem\",\"position\":1,\"name\":\"Home\",\"item\":\"https:\\\/\\\/trevorjonesltd.co.uk\\\/shop\\\/\"},{\"@type\":\"ListItem\",\"position\":2,\"name\":\"Trevor Jones Brass &amp; Woodwind\",\"item\":\"https:\\\/\\\/trevorjonesltd.co.uk\\\/shop\\\/shop-2-2\\\/\"},{\"@type\":\"ListItem\",\"position\":3,\"name\":\"Woodwind Accessories\",\"item\":\"https:\\\/\\\/trevorjonesltd.co.uk\\\/shop\\\/product-category\\\/woodwind-accessories\\\/\"},{\"@type\":\"ListItem\",\"position\":4,\"name\":\"Oboe Accessories\",\"item\":\"https:\\\/\\\/trevorjonesltd.co.uk\\\/shop\\\/product-category\\\/woodwind-accessories\\\/oboe-accessories\\\/\"},{\"@type\":\"ListItem\",\"position\":5,\"name\":\"Oboe reeds\",\"item\":\"https:\\\/\\\/trevorjonesltd.co.uk\\\/shop\\\/product-category\\\/woodwind-accessories\\\/oboe-accessories\\\/oboe-reeds\\\/\"},{\"@type\":\"ListItem\",\"position\":6,\"name\":\"L\u00e9g\u00e8re oboe reed european scrape\"}]},{\"@type\":\"WebSite\",\"@id\":\"https:\\\/\\\/trevorjonesltd.co.uk\\\/shop\\\/#website\",\"url\":\"https:\\\/\\\/trevorjonesltd.co.uk\\\/shop\\\/\",\"name\":\"Trevor Jones Brass &amp; Woodwind\",\"description\":\"\",\"publisher\":{\"@id\":\"https:\\\/\\\/trevorjonesltd.co.uk\\\/shop\\\/#organization\"},\"potentialAction\":[{\"@type\":\"SearchAction\",\"target\":{\"@type\":\"EntryPoint\",\"urlTemplate\":\"https:\\\/\\\/trevorjonesltd.co.uk\\\/shop\\\/?s={search_term_string}\"},\"query-input\":{\"@type\":\"PropertyValueSpecification\",\"valueRequired\":true,\"valueName\":\"search_term_string\"}}],\"inLanguage\":\"en-GB\"},{\"@type\":\"Organization\",\"@id\":\"https:\\\/\\\/trevorjonesltd.co.uk\\\/shop\\\/#organization\",\"name\":\"TREVOR JONES BRASS & WOODWIND LTD\",\"url\":\"https:\\\/\\\/trevorjonesltd.co.uk\\\/shop\\\/\",\"logo\":{\"@type\":\"ImageObject\",\"inLanguage\":\"en-GB\",\"@id\":\"https:\\\/\\\/trevorjonesltd.co.uk\\\/shop\\\/#\\\/schema\\\/logo\\\/image\\\/\",\"url\":\"https:\\\/\\\/i1.wp.com\\\/trevorjonesltd.co.uk\\\/shop\\\/wp-content\\\/uploads\\\/2019\\\/10\\\/logo31.jpg?fit=160%2C75&ssl=1\",\"contentUrl\":\"https:\\\/\\\/i1.wp.com\\\/trevorjonesltd.co.uk\\\/shop\\\/wp-content\\\/uploads\\\/2019\\\/10\\\/logo31.jpg?fit=160%2C75&ssl=1\",\"width\":160,\"height\":75,\"caption\":\"TREVOR JONES BRASS & WOODWIND LTD\"},\"image\":{\"@id\":\"https:\\\/\\\/trevorjonesltd.co.uk\\\/shop\\\/#\\\/schema\\\/logo\\\/image\\\/\"}}]}<\/script>\n<meta property=\"product:brand\" content=\"L\u00e9g\u00e8re\" \/>\n<meta property=\"product:price:amount\" content=\"100.00\" \/>\n<meta property=\"product:price:currency\" content=\"GBP\" \/>\n<meta property=\"og:availability\" content=\"instock\" \/>\n<meta property=\"product:availability\" content=\"instock\" \/>\n<meta property=\"product:retailer_item_id\" content=\"DROEMM\" \/>\n<meta property=\"product:condition\" content=\"new\" \/>\n<!-- \/ Yoast SEO Premium plugin. -->","yoast_head_json":{"title":"L\u00e9g\u00e8re oboe reed european scrape synthetic reed plastic","description":"One of the best features of the L\u00e9g\u00e8re synthetic reed, is that it is not subject to weather or humidity changes and so does not require pre-moistening","robots":{"index":"index","follow":"follow","max-snippet":"max-snippet:-1","max-image-preview":"max-image-preview:large","max-video-preview":"max-video-preview:-1"},"canonical":"https:\/\/trevorjonesltd.co.uk\/shop\/product\/legere-oboe-reed-european-scrape\/","og_locale":"en_GB","og_type":"article","og_title":"L\u00e9g\u00e8re oboe reed european scrape","og_description":"One of the best features of the L\u00e9g\u00e8re synthetic reed, is that it is not subject to weather or humidity changes and so does not require pre-moistening","og_url":"https:\/\/trevorjonesltd.co.uk\/shop\/product\/legere-oboe-reed-european-scrape\/","og_site_name":"Trevor Jones Brass &amp; Woodwind","article_modified_time":"2025-10-29T09:23:38+00:00","og_image":[{"width":707,"height":707,"url":"https:\/\/i0.wp.com\/trevorjonesltd.co.uk\/shop\/wp-content\/uploads\/2019\/10\/L\u00e9g\u00e8re-oboe-reed-.jpg?fit=707%2C707&ssl=1","type":"image\/jpeg"}],"twitter_card":"summary_large_image","twitter_misc":{"Price":"&pound;100.00","Availability":"In stock"},"schema":{"@context":"https:\/\/schema.org","@graph":[{"@type":["WebPage","ItemPage"],"@id":"https:\/\/trevorjonesltd.co.uk\/shop\/product\/legere-oboe-reed-european-scrape\/","url":"https:\/\/trevorjonesltd.co.uk\/shop\/product\/legere-oboe-reed-european-scrape\/","name":"L\u00e9g\u00e8re oboe reed european scrape synthetic reed plastic","isPartOf":{"@id":"https:\/\/trevorjonesltd.co.uk\/shop\/#website"},"primaryImageOfPage":{"@id":"https:\/\/trevorjonesltd.co.uk\/shop\/product\/legere-oboe-reed-european-scrape\/#primaryimage"},"image":{"@id":"https:\/\/trevorjonesltd.co.uk\/shop\/product\/legere-oboe-reed-european-scrape\/#primaryimage"},"thumbnailUrl":"https:\/\/trevorjonesltd.co.uk\/shop\/wp-content\/uploads\/2019\/10\/L\u00e9g\u00e8re-oboe-reed-.jpg","datePublished":"2019-10-14T18:57:26+00:00","dateModified":"2025-10-29T09:23:38+00:00","description":"One of the best features of the L\u00e9g\u00e8re synthetic reed, is that it is not subject to weather or humidity changes and so does not require pre-moistening","breadcrumb":{"@id":"https:\/\/trevorjonesltd.co.uk\/shop\/product\/legere-oboe-reed-european-scrape\/#breadcrumb"},"inLanguage":"en-GB","potentialAction":[{"@type":"ReadAction","target":["https:\/\/trevorjonesltd.co.uk\/shop\/product\/legere-oboe-reed-european-scrape\/"]}]},{"@type":"ImageObject","inLanguage":"en-GB","@id":"https:\/\/trevorjonesltd.co.uk\/shop\/product\/legere-oboe-reed-european-scrape\/#primaryimage","url":"https:\/\/trevorjonesltd.co.uk\/shop\/wp-content\/uploads\/2019\/10\/L\u00e9g\u00e8re-oboe-reed-.jpg","contentUrl":"https:\/\/trevorjonesltd.co.uk\/shop\/wp-content\/uploads\/2019\/10\/L\u00e9g\u00e8re-oboe-reed-.jpg","width":707,"height":707,"caption":"L\u00e9g\u00e8re oboe reed european scrape"},{"@type":"BreadcrumbList","@id":"https:\/\/trevorjonesltd.co.uk\/shop\/product\/legere-oboe-reed-european-scrape\/#breadcrumb","itemListElement":[{"@type":"ListItem","position":1,"name":"Home","item":"https:\/\/trevorjonesltd.co.uk\/shop\/"},{"@type":"ListItem","position":2,"name":"Trevor Jones Brass &amp; Woodwind","item":"https:\/\/trevorjonesltd.co.uk\/shop\/shop-2-2\/"},{"@type":"ListItem","position":3,"name":"Woodwind Accessories","item":"https:\/\/trevorjonesltd.co.uk\/shop\/product-category\/woodwind-accessories\/"},{"@type":"ListItem","position":4,"name":"Oboe Accessories","item":"https:\/\/trevorjonesltd.co.uk\/shop\/product-category\/woodwind-accessories\/oboe-accessories\/"},{"@type":"ListItem","position":5,"name":"Oboe reeds","item":"https:\/\/trevorjonesltd.co.uk\/shop\/product-category\/woodwind-accessories\/oboe-accessories\/oboe-reeds\/"},{"@type":"ListItem","position":6,"name":"L\u00e9g\u00e8re oboe reed european scrape"}]},{"@type":"WebSite","@id":"https:\/\/trevorjonesltd.co.uk\/shop\/#website","url":"https:\/\/trevorjonesltd.co.uk\/shop\/","name":"Trevor Jones Brass &amp; Woodwind","description":"","publisher":{"@id":"https:\/\/trevorjonesltd.co.uk\/shop\/#organization"},"potentialAction":[{"@type":"SearchAction","target":{"@type":"EntryPoint","urlTemplate":"https:\/\/trevorjonesltd.co.uk\/shop\/?s={search_term_string}"},"query-input":{"@type":"PropertyValueSpecification","valueRequired":true,"valueName":"search_term_string"}}],"inLanguage":"en-GB"},{"@type":"Organization","@id":"https:\/\/trevorjonesltd.co.uk\/shop\/#organization","name":"TREVOR JONES BRASS & WOODWIND LTD","url":"https:\/\/trevorjonesltd.co.uk\/shop\/","logo":{"@type":"ImageObject","inLanguage":"en-GB","@id":"https:\/\/trevorjonesltd.co.uk\/shop\/#\/schema\/logo\/image\/","url":"https:\/\/i1.wp.com\/trevorjonesltd.co.uk\/shop\/wp-content\/uploads\/2019\/10\/logo31.jpg?fit=160%2C75&ssl=1","contentUrl":"https:\/\/i1.wp.com\/trevorjonesltd.co.uk\/shop\/wp-content\/uploads\/2019\/10\/logo31.jpg?fit=160%2C75&ssl=1","width":160,"height":75,"caption":"TREVOR JONES BRASS & WOODWIND LTD"},"image":{"@id":"https:\/\/trevorjonesltd.co.uk\/shop\/#\/schema\/logo\/image\/"}}]},"product_brand":"L\u00e9g\u00e8re","product_price_amount":"100.00","product_price_currency":"GBP","og_availability":"instock","product_availability":"instock","product_retailer_item_id":"DROEMM","product_condition":"new"},"jetpack_sharing_enabled":true,"_links":{"self":[{"href":"https:\/\/trevorjonesltd.co.uk\/shop\/wp-json\/wp\/v2\/product\/33305","targetHints":{"allow":["GET"]}}],"collection":[{"href":"https:\/\/trevorjonesltd.co.uk\/shop\/wp-json\/wp\/v2\/product"}],"about":[{"href":"https:\/\/trevorjonesltd.co.uk\/shop\/wp-json\/wp\/v2\/types\/product"}],"replies":[{"embeddable":true,"href":"https:\/\/trevorjonesltd.co.uk\/shop\/wp-json\/wp\/v2\/comments?post=33305"}],"wp:featuredmedia":[{"embeddable":true,"href":"https:\/\/trevorjonesltd.co.uk\/shop\/wp-json\/wp\/v2\/media\/36653"}],"wp:attachment":[{"href":"https:\/\/trevorjonesltd.co.uk\/shop\/wp-json\/wp\/v2\/media?parent=33305"}],"wp:term":[{"taxonomy":"product_brand","embeddable":true,"href":"https:\/\/trevorjonesltd.co.uk\/shop\/wp-json\/wp\/v2\/product_brand?post=33305"},{"taxonomy":"product_cat","embeddable":true,"href":"https:\/\/trevorjonesltd.co.uk\/shop\/wp-json\/wp\/v2\/product_cat?post=33305"},{"taxonomy":"product_tag","embeddable":true,"href":"https:\/\/trevorjonesltd.co.uk\/shop\/wp-json\/wp\/v2\/product_tag?post=33305"}],"curies":[{"name":"wp","href":"https:\/\/api.w.org\/{rel}","templated":true}]}}