{"id":33308,"date":"2019-10-14T19:57:27","date_gmt":"2019-10-14T18:57:27","guid":{"rendered":"https:\/\/trevorjonesltd.co.uk\/testshop\/product\/import-placeholder-for-13332\/"},"modified":"2025-10-29T09:26:07","modified_gmt":"2025-10-29T09:26:07","slug":"legere-tenor-sax-reed-strength-2","status":"publish","type":"product","link":"https:\/\/trevorjonesltd.co.uk\/shop\/product\/legere-tenor-sax-reed-strength-2\/","title":{"rendered":"L\u00e9g\u00e8re Tenor Sax reed strength 2"},"content":{"rendered":"<p>One of the best features of the L\u00e9g\u00e8re synthetic reed, is that it is not subject to weather or humidity changes and therefore does not require pre-moistening. The reed will warm up within the first few days of playing and will then be stable for an extended period of time. Although L\u00e9g\u00e8re reeds are made out of a synthetic material and can withstand longer periods than a typical cane reed, the tip edges are very fragile and require careful handling. Be sure to clean the reed periodically with water and a mild detergent. Germicides such as sterisol may be used, however do not assume that such products will sterilize the reed completely. We strongly advise that any reed which has been played or tested by others previously, be sanitized prior to playing, With proper care and maintenance of your l\u00e9g\u00e8re reed, you will be able to experience many hours of playing pleasure right out of the box. Many players have even reported that our reeds can last for months! Thank you for choosing L\u00e9g\u00e8re Reeds. Enjoy!<\/p>\n","protected":false},"excerpt":{"rendered":"<p>One of the best features of the L\u00e9g\u00e8re synthetic reed, is that it is not subject to weather or humidity changes and therefore does not require pre-moi&#8230;<\/p>\n","protected":false},"featured_media":33334,"comment_status":"open","ping_status":"closed","template":"","meta":[],"product_brand":[],"product_cat":[1816,1629],"product_tag":[],"class_list":{"0":"post-33308","1":"product","2":"type-product","3":"status-publish","4":"has-post-thumbnail","6":"product_cat-legere-tenor-sax-reeds","7":"product_cat-tenor-sax-reeds","8":"product_shipping_class-small-item","10":"first","11":"instock","12":"taxable","13":"shipping-taxable","14":"purchasable","15":"product-type-simple"},"yoast_head":"<!-- This site is optimized with the Yoast SEO Premium plugin v27.4 (Yoast SEO v27.4) - https:\/\/yoast.com\/product\/yoast-seo-premium-wordpress\/ -->\n<title>Box of 10 Buffet Tenor Sax Reed (Strength 4)<\/title>\n<meta name=\"robots\" content=\"index, follow, max-snippet:-1, max-image-preview:large, max-video-preview:-1\" \/>\n<link rel=\"canonical\" href=\"https:\/\/trevorjonesltd.co.uk\/shop\/product\/legere-tenor-sax-reed-strength-2\/\" \/>\n<meta property=\"og:locale\" content=\"en_GB\" \/>\n<meta property=\"og:type\" content=\"article\" \/>\n<meta property=\"og:title\" content=\"L\u00e9g\u00e8re Tenor Sax reed strength 2\" \/>\n<meta property=\"og:description\" content=\"One of the best features of the L\u00e9g\u00e8re synthetic reed, is that it is not subject to weather or humidity changes and therefore does not require pre-moi...\" \/>\n<meta property=\"og:url\" content=\"https:\/\/trevorjonesltd.co.uk\/shop\/product\/legere-tenor-sax-reed-strength-2\/\" \/>\n<meta property=\"og:site_name\" content=\"Trevor Jones Brass &amp; Woodwind\" \/>\n<meta property=\"article:modified_time\" content=\"2025-10-29T09:26:07+00:00\" \/>\n<meta property=\"og:image\" content=\"https:\/\/i0.wp.com\/trevorjonesltd.co.uk\/shop\/wp-content\/uploads\/2019\/10\/Legere-Tenor-Sax-Reed.jpg?fit=500%2C500&ssl=1\" \/>\n\t<meta property=\"og:image:width\" content=\"500\" \/>\n\t<meta property=\"og:image:height\" content=\"500\" \/>\n\t<meta property=\"og:image:type\" content=\"image\/jpeg\" \/>\n<meta name=\"twitter:card\" content=\"summary_large_image\" \/>\n<meta name=\"twitter:label1\" content=\"Price\" \/>\n\t<meta name=\"twitter:data1\" content=\"&pound;20.33\" \/>\n\t<meta name=\"twitter:label2\" content=\"Availability\" \/>\n\t<meta name=\"twitter:data2\" content=\"In stock\" \/>\n<script type=\"application\/ld+json\" class=\"yoast-schema-graph\">{\"@context\":\"https:\\\/\\\/schema.org\",\"@graph\":[{\"@type\":[\"WebPage\",\"ItemPage\"],\"@id\":\"https:\\\/\\\/trevorjonesltd.co.uk\\\/shop\\\/product\\\/legere-tenor-sax-reed-strength-2\\\/\",\"url\":\"https:\\\/\\\/trevorjonesltd.co.uk\\\/shop\\\/product\\\/legere-tenor-sax-reed-strength-2\\\/\",\"name\":\"Box of 10 Buffet Tenor Sax Reed (Strength 4)\",\"isPartOf\":{\"@id\":\"https:\\\/\\\/trevorjonesltd.co.uk\\\/shop\\\/#website\"},\"primaryImageOfPage\":{\"@id\":\"https:\\\/\\\/trevorjonesltd.co.uk\\\/shop\\\/product\\\/legere-tenor-sax-reed-strength-2\\\/#primaryimage\"},\"image\":{\"@id\":\"https:\\\/\\\/trevorjonesltd.co.uk\\\/shop\\\/product\\\/legere-tenor-sax-reed-strength-2\\\/#primaryimage\"},\"thumbnailUrl\":\"https:\\\/\\\/trevorjonesltd.co.uk\\\/shop\\\/wp-content\\\/uploads\\\/2019\\\/10\\\/Legere-Tenor-Sax-Reed.jpg\",\"datePublished\":\"2019-10-14T18:57:27+00:00\",\"dateModified\":\"2025-10-29T09:26:07+00:00\",\"breadcrumb\":{\"@id\":\"https:\\\/\\\/trevorjonesltd.co.uk\\\/shop\\\/product\\\/legere-tenor-sax-reed-strength-2\\\/#breadcrumb\"},\"inLanguage\":\"en-GB\",\"potentialAction\":[{\"@type\":\"ReadAction\",\"target\":[\"https:\\\/\\\/trevorjonesltd.co.uk\\\/shop\\\/product\\\/legere-tenor-sax-reed-strength-2\\\/\"]}]},{\"@type\":\"ImageObject\",\"inLanguage\":\"en-GB\",\"@id\":\"https:\\\/\\\/trevorjonesltd.co.uk\\\/shop\\\/product\\\/legere-tenor-sax-reed-strength-2\\\/#primaryimage\",\"url\":\"https:\\\/\\\/trevorjonesltd.co.uk\\\/shop\\\/wp-content\\\/uploads\\\/2019\\\/10\\\/Legere-Tenor-Sax-Reed.jpg\",\"contentUrl\":\"https:\\\/\\\/trevorjonesltd.co.uk\\\/shop\\\/wp-content\\\/uploads\\\/2019\\\/10\\\/Legere-Tenor-Sax-Reed.jpg\",\"width\":500,\"height\":500,\"caption\":\"Legere Tenor Sax Reed\"},{\"@type\":\"BreadcrumbList\",\"@id\":\"https:\\\/\\\/trevorjonesltd.co.uk\\\/shop\\\/product\\\/legere-tenor-sax-reed-strength-2\\\/#breadcrumb\",\"itemListElement\":[{\"@type\":\"ListItem\",\"position\":1,\"name\":\"Home\",\"item\":\"https:\\\/\\\/trevorjonesltd.co.uk\\\/shop\\\/\"},{\"@type\":\"ListItem\",\"position\":2,\"name\":\"Trevor Jones Brass &amp; Woodwind\",\"item\":\"https:\\\/\\\/trevorjonesltd.co.uk\\\/shop\\\/shop-2-2\\\/\"},{\"@type\":\"ListItem\",\"position\":3,\"name\":\"Woodwind Accessories\",\"item\":\"https:\\\/\\\/trevorjonesltd.co.uk\\\/shop\\\/product-category\\\/woodwind-accessories\\\/\"},{\"@type\":\"ListItem\",\"position\":4,\"name\":\"Saxophone Accessories\",\"item\":\"https:\\\/\\\/trevorjonesltd.co.uk\\\/shop\\\/product-category\\\/woodwind-accessories\\\/saxophone-accessories\\\/\"},{\"@type\":\"ListItem\",\"position\":5,\"name\":\"Tenor sax accessories\",\"item\":\"https:\\\/\\\/trevorjonesltd.co.uk\\\/shop\\\/product-category\\\/woodwind-accessories\\\/saxophone-accessories\\\/tenor-sax-accessories\\\/\"},{\"@type\":\"ListItem\",\"position\":6,\"name\":\"Tenor sax reeds\",\"item\":\"https:\\\/\\\/trevorjonesltd.co.uk\\\/shop\\\/product-category\\\/woodwind-accessories\\\/saxophone-accessories\\\/tenor-sax-accessories\\\/tenor-sax-reeds\\\/\"},{\"@type\":\"ListItem\",\"position\":7,\"name\":\"L\u00e9g\u00e8re Tenor Sax Reeds\",\"item\":\"https:\\\/\\\/trevorjonesltd.co.uk\\\/shop\\\/product-category\\\/woodwind-accessories\\\/saxophone-accessories\\\/tenor-sax-accessories\\\/tenor-sax-reeds\\\/legere-tenor-sax-reeds\\\/\"},{\"@type\":\"ListItem\",\"position\":8,\"name\":\"L\u00e9g\u00e8re Tenor Sax reed strength 2\"}]},{\"@type\":\"WebSite\",\"@id\":\"https:\\\/\\\/trevorjonesltd.co.uk\\\/shop\\\/#website\",\"url\":\"https:\\\/\\\/trevorjonesltd.co.uk\\\/shop\\\/\",\"name\":\"Trevor Jones Brass &amp; Woodwind\",\"description\":\"\",\"publisher\":{\"@id\":\"https:\\\/\\\/trevorjonesltd.co.uk\\\/shop\\\/#organization\"},\"potentialAction\":[{\"@type\":\"SearchAction\",\"target\":{\"@type\":\"EntryPoint\",\"urlTemplate\":\"https:\\\/\\\/trevorjonesltd.co.uk\\\/shop\\\/?s={search_term_string}\"},\"query-input\":{\"@type\":\"PropertyValueSpecification\",\"valueRequired\":true,\"valueName\":\"search_term_string\"}}],\"inLanguage\":\"en-GB\"},{\"@type\":\"Organization\",\"@id\":\"https:\\\/\\\/trevorjonesltd.co.uk\\\/shop\\\/#organization\",\"name\":\"TREVOR JONES BRASS & WOODWIND LTD\",\"url\":\"https:\\\/\\\/trevorjonesltd.co.uk\\\/shop\\\/\",\"logo\":{\"@type\":\"ImageObject\",\"inLanguage\":\"en-GB\",\"@id\":\"https:\\\/\\\/trevorjonesltd.co.uk\\\/shop\\\/#\\\/schema\\\/logo\\\/image\\\/\",\"url\":\"https:\\\/\\\/i1.wp.com\\\/trevorjonesltd.co.uk\\\/shop\\\/wp-content\\\/uploads\\\/2019\\\/10\\\/logo31.jpg?fit=160%2C75&ssl=1\",\"contentUrl\":\"https:\\\/\\\/i1.wp.com\\\/trevorjonesltd.co.uk\\\/shop\\\/wp-content\\\/uploads\\\/2019\\\/10\\\/logo31.jpg?fit=160%2C75&ssl=1\",\"width\":160,\"height\":75,\"caption\":\"TREVOR JONES BRASS & WOODWIND LTD\"},\"image\":{\"@id\":\"https:\\\/\\\/trevorjonesltd.co.uk\\\/shop\\\/#\\\/schema\\\/logo\\\/image\\\/\"}}]}<\/script>\n<meta property=\"product:brand\" content=\"L\u00e9g\u00e8re\" \/>\n<meta property=\"product:price:amount\" content=\"20.33\" \/>\n<meta property=\"product:price:currency\" content=\"GBP\" \/>\n<meta property=\"og:availability\" content=\"instock\" \/>\n<meta property=\"product:availability\" content=\"instock\" \/>\n<meta property=\"product:retailer_item_id\" content=\"TS20\" \/>\n<meta property=\"product:condition\" content=\"new\" \/>\n<!-- \/ Yoast SEO Premium plugin. -->","yoast_head_json":{"title":"Box of 10 Buffet Tenor Sax Reed (Strength 4)","robots":{"index":"index","follow":"follow","max-snippet":"max-snippet:-1","max-image-preview":"max-image-preview:large","max-video-preview":"max-video-preview:-1"},"canonical":"https:\/\/trevorjonesltd.co.uk\/shop\/product\/legere-tenor-sax-reed-strength-2\/","og_locale":"en_GB","og_type":"article","og_title":"L\u00e9g\u00e8re Tenor Sax reed strength 2","og_description":"One of the best features of the L\u00e9g\u00e8re synthetic reed, is that it is not subject to weather or humidity changes and therefore does not require pre-moi...","og_url":"https:\/\/trevorjonesltd.co.uk\/shop\/product\/legere-tenor-sax-reed-strength-2\/","og_site_name":"Trevor Jones Brass &amp; Woodwind","article_modified_time":"2025-10-29T09:26:07+00:00","og_image":[{"width":500,"height":500,"url":"https:\/\/i0.wp.com\/trevorjonesltd.co.uk\/shop\/wp-content\/uploads\/2019\/10\/Legere-Tenor-Sax-Reed.jpg?fit=500%2C500&ssl=1","type":"image\/jpeg"}],"twitter_card":"summary_large_image","twitter_misc":{"Price":"&pound;20.33","Availability":"In stock"},"schema":{"@context":"https:\/\/schema.org","@graph":[{"@type":["WebPage","ItemPage"],"@id":"https:\/\/trevorjonesltd.co.uk\/shop\/product\/legere-tenor-sax-reed-strength-2\/","url":"https:\/\/trevorjonesltd.co.uk\/shop\/product\/legere-tenor-sax-reed-strength-2\/","name":"Box of 10 Buffet Tenor Sax Reed (Strength 4)","isPartOf":{"@id":"https:\/\/trevorjonesltd.co.uk\/shop\/#website"},"primaryImageOfPage":{"@id":"https:\/\/trevorjonesltd.co.uk\/shop\/product\/legere-tenor-sax-reed-strength-2\/#primaryimage"},"image":{"@id":"https:\/\/trevorjonesltd.co.uk\/shop\/product\/legere-tenor-sax-reed-strength-2\/#primaryimage"},"thumbnailUrl":"https:\/\/trevorjonesltd.co.uk\/shop\/wp-content\/uploads\/2019\/10\/Legere-Tenor-Sax-Reed.jpg","datePublished":"2019-10-14T18:57:27+00:00","dateModified":"2025-10-29T09:26:07+00:00","breadcrumb":{"@id":"https:\/\/trevorjonesltd.co.uk\/shop\/product\/legere-tenor-sax-reed-strength-2\/#breadcrumb"},"inLanguage":"en-GB","potentialAction":[{"@type":"ReadAction","target":["https:\/\/trevorjonesltd.co.uk\/shop\/product\/legere-tenor-sax-reed-strength-2\/"]}]},{"@type":"ImageObject","inLanguage":"en-GB","@id":"https:\/\/trevorjonesltd.co.uk\/shop\/product\/legere-tenor-sax-reed-strength-2\/#primaryimage","url":"https:\/\/trevorjonesltd.co.uk\/shop\/wp-content\/uploads\/2019\/10\/Legere-Tenor-Sax-Reed.jpg","contentUrl":"https:\/\/trevorjonesltd.co.uk\/shop\/wp-content\/uploads\/2019\/10\/Legere-Tenor-Sax-Reed.jpg","width":500,"height":500,"caption":"Legere Tenor Sax Reed"},{"@type":"BreadcrumbList","@id":"https:\/\/trevorjonesltd.co.uk\/shop\/product\/legere-tenor-sax-reed-strength-2\/#breadcrumb","itemListElement":[{"@type":"ListItem","position":1,"name":"Home","item":"https:\/\/trevorjonesltd.co.uk\/shop\/"},{"@type":"ListItem","position":2,"name":"Trevor Jones Brass &amp; Woodwind","item":"https:\/\/trevorjonesltd.co.uk\/shop\/shop-2-2\/"},{"@type":"ListItem","position":3,"name":"Woodwind Accessories","item":"https:\/\/trevorjonesltd.co.uk\/shop\/product-category\/woodwind-accessories\/"},{"@type":"ListItem","position":4,"name":"Saxophone Accessories","item":"https:\/\/trevorjonesltd.co.uk\/shop\/product-category\/woodwind-accessories\/saxophone-accessories\/"},{"@type":"ListItem","position":5,"name":"Tenor sax accessories","item":"https:\/\/trevorjonesltd.co.uk\/shop\/product-category\/woodwind-accessories\/saxophone-accessories\/tenor-sax-accessories\/"},{"@type":"ListItem","position":6,"name":"Tenor sax reeds","item":"https:\/\/trevorjonesltd.co.uk\/shop\/product-category\/woodwind-accessories\/saxophone-accessories\/tenor-sax-accessories\/tenor-sax-reeds\/"},{"@type":"ListItem","position":7,"name":"L\u00e9g\u00e8re Tenor Sax Reeds","item":"https:\/\/trevorjonesltd.co.uk\/shop\/product-category\/woodwind-accessories\/saxophone-accessories\/tenor-sax-accessories\/tenor-sax-reeds\/legere-tenor-sax-reeds\/"},{"@type":"ListItem","position":8,"name":"L\u00e9g\u00e8re Tenor Sax reed strength 2"}]},{"@type":"WebSite","@id":"https:\/\/trevorjonesltd.co.uk\/shop\/#website","url":"https:\/\/trevorjonesltd.co.uk\/shop\/","name":"Trevor Jones Brass &amp; Woodwind","description":"","publisher":{"@id":"https:\/\/trevorjonesltd.co.uk\/shop\/#organization"},"potentialAction":[{"@type":"SearchAction","target":{"@type":"EntryPoint","urlTemplate":"https:\/\/trevorjonesltd.co.uk\/shop\/?s={search_term_string}"},"query-input":{"@type":"PropertyValueSpecification","valueRequired":true,"valueName":"search_term_string"}}],"inLanguage":"en-GB"},{"@type":"Organization","@id":"https:\/\/trevorjonesltd.co.uk\/shop\/#organization","name":"TREVOR JONES BRASS & WOODWIND LTD","url":"https:\/\/trevorjonesltd.co.uk\/shop\/","logo":{"@type":"ImageObject","inLanguage":"en-GB","@id":"https:\/\/trevorjonesltd.co.uk\/shop\/#\/schema\/logo\/image\/","url":"https:\/\/i1.wp.com\/trevorjonesltd.co.uk\/shop\/wp-content\/uploads\/2019\/10\/logo31.jpg?fit=160%2C75&ssl=1","contentUrl":"https:\/\/i1.wp.com\/trevorjonesltd.co.uk\/shop\/wp-content\/uploads\/2019\/10\/logo31.jpg?fit=160%2C75&ssl=1","width":160,"height":75,"caption":"TREVOR JONES BRASS & WOODWIND LTD"},"image":{"@id":"https:\/\/trevorjonesltd.co.uk\/shop\/#\/schema\/logo\/image\/"}}]},"product_brand":"L\u00e9g\u00e8re","product_price_amount":"20.33","product_price_currency":"GBP","og_availability":"instock","product_availability":"instock","product_retailer_item_id":"TS20","product_condition":"new"},"jetpack_sharing_enabled":true,"_links":{"self":[{"href":"https:\/\/trevorjonesltd.co.uk\/shop\/wp-json\/wp\/v2\/product\/33308","targetHints":{"allow":["GET"]}}],"collection":[{"href":"https:\/\/trevorjonesltd.co.uk\/shop\/wp-json\/wp\/v2\/product"}],"about":[{"href":"https:\/\/trevorjonesltd.co.uk\/shop\/wp-json\/wp\/v2\/types\/product"}],"replies":[{"embeddable":true,"href":"https:\/\/trevorjonesltd.co.uk\/shop\/wp-json\/wp\/v2\/comments?post=33308"}],"wp:featuredmedia":[{"embeddable":true,"href":"https:\/\/trevorjonesltd.co.uk\/shop\/wp-json\/wp\/v2\/media\/33334"}],"wp:attachment":[{"href":"https:\/\/trevorjonesltd.co.uk\/shop\/wp-json\/wp\/v2\/media?parent=33308"}],"wp:term":[{"taxonomy":"product_brand","embeddable":true,"href":"https:\/\/trevorjonesltd.co.uk\/shop\/wp-json\/wp\/v2\/product_brand?post=33308"},{"taxonomy":"product_cat","embeddable":true,"href":"https:\/\/trevorjonesltd.co.uk\/shop\/wp-json\/wp\/v2\/product_cat?post=33308"},{"taxonomy":"product_tag","embeddable":true,"href":"https:\/\/trevorjonesltd.co.uk\/shop\/wp-json\/wp\/v2\/product_tag?post=33308"}],"curies":[{"name":"wp","href":"https:\/\/api.w.org\/{rel}","templated":true}]}}